{"id":728,"date":"2023-10-29T17:44:05","date_gmt":"2023-10-29T16:44:05","guid":{"rendered":"https:\/\/bcomp.disruptia.es\/campus-%ce%b7%ce%bb%ce%b5%ce%ba%cf%84%cf%81%ce%bf%ce%bd%ce%b9%ce%ba%ce%b7%cf%83-%ce%bc%ce%b1%ce%b8%ce%b7%cf%83%ce%b7%cf%83\/"},"modified":"2024-01-15T19:27:09","modified_gmt":"2024-01-15T18:27:09","slug":"campus-%ce%b7%ce%bb%ce%b5%ce%ba%cf%84%cf%81%ce%bf%ce%bd%ce%b9%ce%ba%ce%b7%cf%83-%ce%bc%ce%b1%ce%b8%ce%b7%cf%83%ce%b7%cf%83","status":"publish","type":"page","link":"https:\/\/bcomp.disruptia.es\/el\/campus-%ce%b7%ce%bb%ce%b5%ce%ba%cf%84%cf%81%ce%bf%ce%bd%ce%b9%ce%ba%ce%b7%cf%83-%ce%bc%ce%b1%ce%b8%ce%b7%cf%83%ce%b7%cf%83\/","title":{"rendered":"CAMPUS \u0397\u039b\u0395\u039a\u03a4\u03a1\u039f\u039d\u0399\u039a\u0397\u03a3 \u039c\u0391\u0398\u0397\u03a3\u0397\u03a3"},"content":{"rendered":"\t\t<div data-elementor-type=\"wp-page\" data-elementor-id=\"728\" class=\"elementor elementor-728 elementor-25\">\n\t\t\t\t\t\t<section class=\"elementor-section elementor-top-section elementor-element elementor-element-436bb34 elementor-section-height-min-height elementor-section-boxed elementor-section-height-default elementor-section-items-middle wpr-particle-no wpr-jarallax-no wpr-parallax-no wpr-sticky-section-no\" data-id=\"436bb34\" data-element_type=\"section\" data-e-type=\"section\" data-settings=\"{&quot;background_background&quot;:&quot;classic&quot;}\">\n\t\t\t\t\t\t\t<div class=\"elementor-background-overlay\"><\/div>\n\t\t\t\t\t\t\t<div class=\"elementor-container elementor-column-gap-default\">\n\t\t\t\t\t<div class=\"elementor-column elementor-col-100 elementor-top-column elementor-element elementor-element-e5d305e elementor-invisible\" data-id=\"e5d305e\" data-element_type=\"column\" data-e-type=\"column\" data-settings=\"{&quot;background_background&quot;:&quot;classic&quot;,&quot;animation&quot;:&quot;fadeIn&quot;}\">\n\t\t\t<div class=\"elementor-widget-wrap elementor-element-populated\">\n\t\t\t\t\t\t<div class=\"elementor-element elementor-element-b1701ef elementor-widget elementor-widget-text-editor\" data-id=\"b1701ef\" data-element_type=\"widget\" data-e-type=\"widget\" data-widget_type=\"text-editor.default\">\n\t\t\t\t<div class=\"elementor-widget-container\">\n\t\t\t\t\t\t\t\t\t<p>B.COMP<\/p>\n\t\t\t\t\t\t\t\t<\/div>\n\t\t\t\t<\/div>\n\t\t\t\t<div class=\"elementor-element elementor-element-eec3e34 elementor-widget elementor-widget-heading\" data-id=\"eec3e34\" data-element_type=\"widget\" data-e-type=\"widget\" data-widget_type=\"heading.default\">\n\t\t\t\t<div class=\"elementor-widget-container\">\n\t\t\t\t\t<h2 class=\"elementor-heading-title elementor-size-default\">B.COMP CAMPUS \u0397\u039b\u0395\u039a\u03a4\u03a1\u039f\u039d\u0399\u039a\u0397\u03a3 \u039c\u0391\u0398\u0397\u03a3\u0397\u03a3<\/h2>\t\t\t\t<\/div>\n\t\t\t\t<\/div>\n\t\t\t\t<div class=\"elementor-element elementor-element-69cae82 elementor-widget elementor-widget-heading\" data-id=\"69cae82\" data-element_type=\"widget\" data-e-type=\"widget\" data-widget_type=\"heading.default\">\n\t\t\t\t<div class=\"elementor-widget-container\">\n\t\t\t\t\t<h3 class=\"elementor-heading-title elementor-size-default\">Yak\u0131nda sat\u0131\u015fa sunulacak<\/h3>\t\t\t\t<\/div>\n\t\t\t\t<\/div>\n\t\t\t\t<div class=\"elementor-element elementor-element-7194cb0 elementor-widget-divider--view-line elementor-widget elementor-widget-divider\" data-id=\"7194cb0\" data-element_type=\"widget\" data-e-type=\"widget\" data-widget_type=\"divider.default\">\n\t\t\t\t<div class=\"elementor-widget-container\">\n\t\t\t\t\t\t\t<div class=\"elementor-divider\">\n\t\t\t<span class=\"elementor-divider-separator\">\n\t\t\t\t\t\t<\/span>\n\t\t<\/div>\n\t\t\t\t\t\t<\/div>\n\t\t\t\t<\/div>\n\t\t\t\t\t<\/div>\n\t\t<\/div>\n\t\t\t\t\t<\/div>\n\t\t<\/section>\n\t\t\t\t<\/div>\n\t\t","protected":false},"excerpt":{"rendered":"<p>B.COMP B.COMP CAMPUS \u0397\u039b\u0395\u039a\u03a4\u03a1\u039f\u039d\u0399\u039a\u0397\u03a3 \u039c\u0391\u0398\u0397\u03a3\u0397\u03a3 Yak\u0131nda sat\u0131\u015fa sunulacak<\/p>\n","protected":false},"author":1,"featured_media":0,"parent":0,"menu_order":0,"comment_status":"closed","ping_status":"closed","template":"elementor_header_footer","meta":{"footnotes":""},"class_list":["post-728","page","type-page","status-publish","hentry"],"_links":{"self":[{"href":"https:\/\/bcomp.disruptia.es\/el\/wp-json\/wp\/v2\/pages\/728","targetHints":{"allow":["GET"]}}],"collection":[{"href":"https:\/\/bcomp.disruptia.es\/el\/wp-json\/wp\/v2\/pages"}],"about":[{"href":"https:\/\/bcomp.disruptia.es\/el\/wp-json\/wp\/v2\/types\/page"}],"author":[{"embeddable":true,"href":"https:\/\/bcomp.disruptia.es\/el\/wp-json\/wp\/v2\/users\/1"}],"replies":[{"embeddable":true,"href":"https:\/\/bcomp.disruptia.es\/el\/wp-json\/wp\/v2\/comments?post=728"}],"version-history":[{"count":1,"href":"https:\/\/bcomp.disruptia.es\/el\/wp-json\/wp\/v2\/pages\/728\/revisions"}],"predecessor-version":[{"id":729,"href":"https:\/\/bcomp.disruptia.es\/el\/wp-json\/wp\/v2\/pages\/728\/revisions\/729"}],"wp:attachment":[{"href":"https:\/\/bcomp.disruptia.es\/el\/wp-json\/wp\/v2\/media?parent=728"}],"curies":[{"name":"wp","href":"https:\/\/api.w.org\/{rel}","templated":true}]}}