{"id":734,"date":"2023-10-29T17:44:54","date_gmt":"2023-10-29T16:44:54","guid":{"rendered":"https:\/\/bcomp.disruptia.es\/%ce%b5%ce%ba%cf%80%ce%b1%ce%b9%ce%b4%ce%b5%cf%85%cf%84%ce%b9%ce%ba%ce%b7-%ce%b4%ce%b9%ce%b1%ce%b4%ce%b9%ce%ba%cf%84%cf%85%ce%b1%ce%ba%ce%b7-%ce%b5%cf%86%ce%b1%cf%81%ce%bc%ce%bf%ce%b3%ce%b7\/"},"modified":"2024-01-15T19:29:53","modified_gmt":"2024-01-15T18:29:53","slug":"%ce%b5%ce%ba%cf%80%ce%b1%ce%b9%ce%b4%ce%b5%cf%85%cf%84%ce%b9%ce%ba%ce%b7-%ce%b4%ce%b9%ce%b1%ce%b4%ce%b9%ce%ba%cf%84%cf%85%ce%b1%ce%ba%ce%b7-%ce%b5%cf%86%ce%b1%cf%81%ce%bc%ce%bf%ce%b3%ce%b7","status":"publish","type":"page","link":"https:\/\/bcomp.disruptia.es\/el\/%ce%b5%ce%ba%cf%80%ce%b1%ce%b9%ce%b4%ce%b5%cf%85%cf%84%ce%b9%ce%ba%ce%b7-%ce%b4%ce%b9%ce%b1%ce%b4%ce%b9%ce%ba%cf%84%cf%85%ce%b1%ce%ba%ce%b7-%ce%b5%cf%86%ce%b1%cf%81%ce%bc%ce%bf%ce%b3%ce%b7\/","title":{"rendered":"\u0395\u039a\u03a0\u0391\u0399\u0394\u0395\u03a5\u03a4\u0399\u039a\u0397 \u0394\u0399\u0391\u0394\u0399\u039a\u03a4\u03a5\u0391\u039a\u0397 \u0395\u03a6\u0391\u03a1\u039c\u039f\u0393\u0397"},"content":{"rendered":"\t\t<div data-elementor-type=\"wp-page\" data-elementor-id=\"734\" class=\"elementor elementor-734 elementor-28\">\n\t\t\t\t\t\t<section class=\"elementor-section elementor-top-section elementor-element elementor-element-a9e8c2c elementor-section-height-min-height elementor-section-boxed elementor-section-height-default elementor-section-items-middle wpr-particle-no wpr-jarallax-no wpr-parallax-no wpr-sticky-section-no\" data-id=\"a9e8c2c\" data-element_type=\"section\" data-e-type=\"section\" data-settings=\"{&quot;background_background&quot;:&quot;classic&quot;}\">\n\t\t\t\t\t\t\t<div class=\"elementor-background-overlay\"><\/div>\n\t\t\t\t\t\t\t<div class=\"elementor-container elementor-column-gap-default\">\n\t\t\t\t\t<div class=\"elementor-column elementor-col-100 elementor-top-column elementor-element elementor-element-962f7a4 elementor-invisible\" data-id=\"962f7a4\" data-element_type=\"column\" data-e-type=\"column\" data-settings=\"{&quot;background_background&quot;:&quot;classic&quot;,&quot;animation&quot;:&quot;fadeIn&quot;}\">\n\t\t\t<div class=\"elementor-widget-wrap elementor-element-populated\">\n\t\t\t\t\t\t<div class=\"elementor-element elementor-element-4d486ae elementor-widget elementor-widget-text-editor\" data-id=\"4d486ae\" data-element_type=\"widget\" data-e-type=\"widget\" data-widget_type=\"text-editor.default\">\n\t\t\t\t<div class=\"elementor-widget-container\">\n\t\t\t\t\t\t\t\t\t<p>B.COMP<\/p>\n\t\t\t\t\t\t\t\t<\/div>\n\t\t\t\t<\/div>\n\t\t\t\t<div class=\"elementor-element elementor-element-4fd6232 elementor-widget elementor-widget-heading\" data-id=\"4fd6232\" data-element_type=\"widget\" data-e-type=\"widget\" data-widget_type=\"heading.default\">\n\t\t\t\t<div class=\"elementor-widget-container\">\n\t\t\t\t\t<h2 class=\"elementor-heading-title elementor-size-default\">\u0395\u039a\u03a0\u0391\u0399\u0394\u0395\u03a5\u03a4\u0399\u039a\u0397 \u0394\u0399\u0391\u0394\u0399\u039a\u03a4\u03a5\u0391\u039a\u0397 \u0395\u03a6\u0391\u03a1\u039c\u039f\u0393\u0397<\/h2>\t\t\t\t<\/div>\n\t\t\t\t<\/div>\n\t\t\t\t<div class=\"elementor-element elementor-element-af8afb5 elementor-widget elementor-widget-heading\" data-id=\"af8afb5\" data-element_type=\"widget\" data-e-type=\"widget\" data-widget_type=\"heading.default\">\n\t\t\t\t<div class=\"elementor-widget-container\">\n\t\t\t\t\t<h3 class=\"elementor-heading-title elementor-size-default\">Yak\u0131nda sat\u0131\u015fa sunulacak<\/h3>\t\t\t\t<\/div>\n\t\t\t\t<\/div>\n\t\t\t\t<div class=\"elementor-element elementor-element-4465474 elementor-widget-divider--view-line elementor-widget elementor-widget-divider\" data-id=\"4465474\" data-element_type=\"widget\" data-e-type=\"widget\" data-widget_type=\"divider.default\">\n\t\t\t\t<div class=\"elementor-widget-container\">\n\t\t\t\t\t\t\t<div class=\"elementor-divider\">\n\t\t\t<span class=\"elementor-divider-separator\">\n\t\t\t\t\t\t<\/span>\n\t\t<\/div>\n\t\t\t\t\t\t<\/div>\n\t\t\t\t<\/div>\n\t\t\t\t\t<\/div>\n\t\t<\/div>\n\t\t\t\t\t<\/div>\n\t\t<\/section>\n\t\t\t\t<\/div>\n\t\t","protected":false},"excerpt":{"rendered":"<p>B.COMP \u0395\u039a\u03a0\u0391\u0399\u0394\u0395\u03a5\u03a4\u0399\u039a\u0397 \u0394\u0399\u0391\u0394\u0399\u039a\u03a4\u03a5\u0391\u039a\u0397 \u0395\u03a6\u0391\u03a1\u039c\u039f\u0393\u0397 Yak\u0131nda sat\u0131\u015fa sunulacak<\/p>\n","protected":false},"author":1,"featured_media":0,"parent":0,"menu_order":0,"comment_status":"closed","ping_status":"closed","template":"elementor_header_footer","meta":{"footnotes":""},"class_list":["post-734","page","type-page","status-publish","hentry"],"_links":{"self":[{"href":"https:\/\/bcomp.disruptia.es\/el\/wp-json\/wp\/v2\/pages\/734","targetHints":{"allow":["GET"]}}],"collection":[{"href":"https:\/\/bcomp.disruptia.es\/el\/wp-json\/wp\/v2\/pages"}],"about":[{"href":"https:\/\/bcomp.disruptia.es\/el\/wp-json\/wp\/v2\/types\/page"}],"author":[{"embeddable":true,"href":"https:\/\/bcomp.disruptia.es\/el\/wp-json\/wp\/v2\/users\/1"}],"replies":[{"embeddable":true,"href":"https:\/\/bcomp.disruptia.es\/el\/wp-json\/wp\/v2\/comments?post=734"}],"version-history":[{"count":1,"href":"https:\/\/bcomp.disruptia.es\/el\/wp-json\/wp\/v2\/pages\/734\/revisions"}],"predecessor-version":[{"id":735,"href":"https:\/\/bcomp.disruptia.es\/el\/wp-json\/wp\/v2\/pages\/734\/revisions\/735"}],"wp:attachment":[{"href":"https:\/\/bcomp.disruptia.es\/el\/wp-json\/wp\/v2\/media?parent=734"}],"curies":[{"name":"wp","href":"https:\/\/api.w.org\/{rel}","templated":true}]}}