{"id":740,"date":"2023-10-29T17:45:09","date_gmt":"2023-10-29T16:45:09","guid":{"rendered":"https:\/\/bcomp.disruptia.es\/%ce%bd%ce%b5%ce%b1\/"},"modified":"2024-01-16T10:47:50","modified_gmt":"2024-01-16T09:47:50","slug":"%ce%bd%ce%b5%ce%b1","status":"publish","type":"page","link":"https:\/\/bcomp.disruptia.es\/el\/%ce%bd%ce%b5%ce%b1\/","title":{"rendered":"\u039d\u0395\u0391"},"content":{"rendered":"\t\t<div data-elementor-type=\"wp-page\" data-elementor-id=\"740\" class=\"elementor elementor-740 elementor-30\">\n\t\t\t\t\t\t<section class=\"elementor-section elementor-top-section elementor-element elementor-element-ecb0744 elementor-section-boxed elementor-section-height-default elementor-section-height-default wpr-particle-no wpr-jarallax-no wpr-parallax-no wpr-sticky-section-no\" data-id=\"ecb0744\" data-element_type=\"section\" data-e-type=\"section\" data-settings=\"{&quot;background_background&quot;:&quot;classic&quot;}\">\n\t\t\t\t\t\t\t<div class=\"elementor-background-overlay\"><\/div>\n\t\t\t\t\t\t\t<div class=\"elementor-container elementor-column-gap-default\">\n\t\t\t\t\t<div class=\"elementor-column elementor-col-100 elementor-top-column elementor-element elementor-element-b8080fd\" data-id=\"b8080fd\" data-element_type=\"column\" data-e-type=\"column\">\n\t\t\t<div class=\"elementor-widget-wrap elementor-element-populated\">\n\t\t\t\t\t\t<div class=\"elementor-element elementor-element-aa3483f elementor-widget elementor-widget-heading\" data-id=\"aa3483f\" data-element_type=\"widget\" data-e-type=\"widget\" data-widget_type=\"heading.default\">\n\t\t\t\t<div class=\"elementor-widget-container\">\n\t\t\t\t\t<h2 class=\"elementor-heading-title elementor-size-default\">\u039d\u0395\u0391<\/h2>\t\t\t\t<\/div>\n\t\t\t\t<\/div>\n\t\t\t\t<div class=\"elementor-element elementor-element-6dec9ef elementor-widget elementor-widget-text-editor\" data-id=\"6dec9ef\" data-element_type=\"widget\" data-e-type=\"widget\" data-widget_type=\"text-editor.default\">\n\t\t\t\t<div class=\"elementor-widget-container\">\n\t\t\t\t\t\t\t\t\t<p>B.COMP<\/p>\n\t\t\t\t\t\t\t\t<\/div>\n\t\t\t\t<\/div>\n\t\t\t\t\t<\/div>\n\t\t<\/div>\n\t\t\t\t\t<\/div>\n\t\t<\/section>\n\t\t\t\t<section class=\"elementor-section elementor-top-section elementor-element elementor-element-00940fd elementor-section-boxed elementor-section-height-default elementor-section-height-default wpr-particle-no wpr-jarallax-no wpr-parallax-no wpr-sticky-section-no\" data-id=\"00940fd\" data-element_type=\"section\" data-e-type=\"section\">\n\t\t\t\t\t\t<div class=\"elementor-container elementor-column-gap-default\">\n\t\t\t\t\t<div class=\"elementor-column elementor-col-66 elementor-top-column elementor-element elementor-element-3009e45\" data-id=\"3009e45\" data-element_type=\"column\" data-e-type=\"column\">\n\t\t\t<div class=\"elementor-widget-wrap elementor-element-populated\">\n\t\t\t\t\t\t<div class=\"elementor-element elementor-element-ce61a47 wpr-grid-columns-1 wpr-grid-columns--tablet2 wpr-grid-columns--mobile1 wpr-item-styles-inner elementor-invisible elementor-widget elementor-widget-wpr-grid\" data-id=\"ce61a47\" data-element_type=\"widget\" data-e-type=\"widget\" data-settings=\"{&quot;_animation&quot;:&quot;fadeIn&quot;}\" data-widget_type=\"wpr-grid.default\">\n\t\t\t\t<div class=\"elementor-widget-container\">\n\t\t\t\t\t<ul class=\"wpr-grid-filters elementor-clearfix wpr-grid-filters-sep-right\"><li class=\" wpr-pointer-none wpr-pointer-line-fx wpr-pointer-fx-none\"><span  data-filter=\"*\" class=\"wpr-grid-filters-item wpr-active-filter \">All Posts<\/span><em class=\"wpr-grid-filters-sep\"><\/em><\/li><li class=\" wpr-pointer-none wpr-pointer-line-fx wpr-pointer-fx-none\"><span   data-ajax-filter=[\"category\",\"%ce%bc%ce%b7-%ce%ba%ce%b1%cf%84%ce%b7%ce%b3%ce%bf%cf%81%ce%b9%ce%bf%cf%80%ce%bf%ce%b9%ce%b7%ce%bc%ce%ad%ce%bd%ce%bf\"]  data-filter=\".category-\u03bc\u03b7-\u03ba\u03b1\u03c4\u03b7\u03b3\u03bf\u03c1\u03b9\u03bf\u03c0\u03bf\u03b9\u03b7\u03bc\u03ad\u03bd\u03bf\">\u039c\u03b7 \u03ba\u03b1\u03c4\u03b7\u03b3\u03bf\u03c1\u03b9\u03bf\u03c0\u03bf\u03b9\u03b7\u03bc\u03ad\u03bd\u03bf<\/span><em class=\"wpr-grid-filters-sep\"><\/em><\/li><\/ul><section class=\"wpr-grid elementor-clearfix\" data-settings=\"{&quot;layout&quot;:&quot;fitRows&quot;,&quot;stick_last_element_to_bottom&quot;:&quot;&quot;,&quot;columns_desktop&quot;:&quot;1&quot;,&quot;gutter_hr&quot;:22,&quot;gutter_hr_mobile&quot;:22,&quot;gutter_hr_mobile_extra&quot;:22,&quot;gutter_hr_tablet&quot;:22,&quot;gutter_hr_tablet_extra&quot;:22,&quot;gutter_hr_laptop&quot;:22,&quot;gutter_hr_widescreen&quot;:22,&quot;gutter_vr&quot;:36,&quot;gutter_vr_mobile&quot;:36,&quot;gutter_vr_mobile_extra&quot;:36,&quot;gutter_vr_tablet&quot;:36,&quot;gutter_vr_tablet_extra&quot;:36,&quot;gutter_vr_laptop&quot;:36,&quot;gutter_vr_widescreen&quot;:36,&quot;animation&quot;:&quot;default&quot;,&quot;animation_duration&quot;:0.3,&quot;animation_delay&quot;:0.1,&quot;deeplinking&quot;:&quot;&quot;,&quot;filters_linkable&quot;:&quot;no&quot;,&quot;filters_default_filter&quot;:&quot;&quot;,&quot;filters_count&quot;:&quot;&quot;,&quot;filters_hide_empty&quot;:&quot;no&quot;,&quot;filters_animation&quot;:&quot;default&quot;,&quot;filters_animation_duration&quot;:0.3,&quot;filters_animation_delay&quot;:0.1,&quot;pagination_type&quot;:&quot;load-more&quot;,&quot;pagination_max_pages&quot;:1,&quot;lightbox&quot;:{&quot;selector&quot;:&quot;.wpr-grid-image-wrap&quot;,&quot;iframeMaxWidth&quot;:&quot;60%&quot;,&quot;hash&quot;:false,&quot;autoplay&quot;:&quot;true&quot;,&quot;pause&quot;:5000,&quot;progressBar&quot;:&quot;true&quot;,&quot;counter&quot;:&quot;true&quot;,&quot;controls&quot;:&quot;true&quot;,&quot;getCaptionFromTitleOrAlt&quot;:&quot;true&quot;,&quot;thumbnail&quot;:&quot;&quot;,&quot;showThumbByDefault&quot;:&quot;&quot;,&quot;share&quot;:&quot;&quot;,&quot;zoom&quot;:&quot;true&quot;,&quot;fullScreen&quot;:&quot;true&quot;,&quot;download&quot;:&quot;true&quot;}}\" data-advanced-filters=\"no\"><article class=\"wpr-grid-item elementor-clearfix post-803 post type-post status-publish format-standard has-post-thumbnail hentry category-12\"><div class=\"wpr-grid-item-inner\"><div class=\"wpr-grid-media-wrap wpr-effect-size-medium \" data-overlay-link=\"yes\"><div class=\"wpr-grid-image-wrap\" data-src=\"https:\/\/bcomp.disruptia.es\/wp-content\/uploads\/2023\/04\/news_3.jpg\" data-img-on-hover=\"\"  data-src-secondary=\"\"><img decoding=\"async\" data-no-lazy=\"1\" src=\"https:\/\/bcomp.disruptia.es\/wp-content\/uploads\/2023\/04\/news_3.jpg\" alt=\"\u03a4\u03c1\u03af\u03c4\u03b7 \u03b4\u03b9\u03b1\u03ba\u03c1\u03b1\u03c4\u03b9\u03ba\u03ae \u03c3\u03c5\u03bd\u03ac\u03bd\u03c4\u03b7\u03c3\u03b7 \u03c4\u03c9\u03bd \u03b5\u03c4\u03b1\u03af\u03c1\u03c9\u03bd \u03c4\u03bf\u03c5 B.COMP \u03c3\u03c4\u03b7\u03bd \u039a\u03c9\u03bd\u03c3\u03c4\u03b1\u03bd\u03c4\u03b9\u03bd\u03bf\u03cd\u03c0\u03bf\u03bb\u03b7, \u03a4\u03bf\u03c5\u03c1\u03ba\u03af\u03b1\" class=\"wpr-anim-timing-ease-default\"><\/div><div class=\"wpr-grid-media-hover wpr-animation-wrap\"><div class=\"wpr-grid-media-hover-bg  wpr-overlay-fade-in wpr-anim-size-large wpr-anim-timing-ease-default wpr-anim-transparency\" data-url=\"https:\/\/bcomp.disruptia.es\/el\/%cf%84%cf%81%ce%af%cf%84%ce%b7-%ce%b4%ce%b9%ce%b1%ce%ba%cf%81%ce%b1%cf%84%ce%b9%ce%ba%ce%ae-%cf%83%cf%85%ce%bd%ce%ac%ce%bd%cf%84%ce%b7%cf%83%ce%b7-%cf%84%cf%89%ce%bd-%ce%b5%cf%84%ce%b1%ce%af%cf%81\/\"><\/div><\/div><\/div><div class=\"wpr-grid-item-below-content elementor-clearfix\"><h2 class=\"wpr-grid-item-title elementor-repeater-item-5491ed9 wpr-grid-item-display-block wpr-grid-item-align-left wpr-pointer-none wpr-pointer-line-fx wpr-pointer-fx-fade\"><div class=\"inner-block\"><a target=\"_self\"  href=\"https:\/\/bcomp.disruptia.es\/el\/%cf%84%cf%81%ce%af%cf%84%ce%b7-%ce%b4%ce%b9%ce%b1%ce%ba%cf%81%ce%b1%cf%84%ce%b9%ce%ba%ce%ae-%cf%83%cf%85%ce%bd%ce%ac%ce%bd%cf%84%ce%b7%cf%83%ce%b7-%cf%84%cf%89%ce%bd-%ce%b5%cf%84%ce%b1%ce%af%cf%81\/\">\u03a4\u03c1\u03af\u03c4\u03b7 \u03b4\u03b9\u03b1\u03ba\u03c1\u03b1\u03c4\u03b9\u03ba\u03ae \u03c3\u03c5\u03bd\u03ac\u03bd\u03c4\u03b7\u03c3\u03b7 \u03c4\u03c9\u03bd \u03b5\u03c4\u03b1\u03af\u03c1\u03c9\u03bd \u03c4\u03bf\u03c5 B.COMP \u03c3\u03c4\u03b7\u03bd \u039a\u03c9\u03bd\u03c3\u03c4\u03b1\u03bd\u03c4\u03b9\u03bd\u03bf\u03cd\u03c0\u03bf\u03bb\u03b7, \u03a4\u03bf\u03c5\u03c1\u03ba\u03af\u03b1<\/a><\/div><\/h2><div class=\"wpr-grid-item-date elementor-repeater-item-1fa5330 wpr-grid-item-display-inline wpr-grid-item-align-left\"><div class=\"inner-block\"><span>05\/10\/2023<span class=\"wpr-grid-extra-text-right\"><\/span><\/span><\/div><\/div><div class=\"wpr-grid-item-excerpt elementor-repeater-item-5964dfd wpr-grid-item-display-block wpr-grid-item-align-left\"><div class=\"inner-block\"><p>\u03a3\u03c5\u03bd\u03b1\u03c1\u03c0\u03b1\u03c3\u03c4\u03b9\u03ba\u03ad\u03c2 \u03b5\u03be\u03b5\u03bb\u03af\u03be\u03b5\u03b9\u03c2 \u03b1\u03c0\u03cc \u03c4\u03b7\u03bd 3\u03b7 \u03b4\u03b9\u03b1\u03ba\u03c1\u03b1\u03c4\u03b9\u03ba\u03ae \u03c3\u03c5\u03bd\u03ac\u03bd\u03c4\u03b7\u03c3\u03ae \u03bc\u03b1\u03c2 \u03c0\u03bf\u03c5 \u03c0\u03c1\u03b1\u03b3\u03bc\u03b1\u03c4\u03bf\u03c0\u03bf\u03b9\u03ae\u03b8\u03b7\u03ba\u03b5 \u03c3\u03c4\u03b7\u03bd \u039a\u03c9\u03bd\u03c3\u03c4\u03b1\u03bd\u03c4\u03b9\u03bd\u03bf\u03cd\u03c0\u03bf\u03bb\u03b7 \u03c3\u03c4\u03b7\u03bd \u03a4\u03bf\u03c5\u03c1\u03ba\u03af\u03b1 \u03c3\u03c4\u03b9\u03c2 5 \u039f\u03ba\u03c4\u03c9\u03b2\u03c1\u03af\u03bf\u03c5 2023, \u03b3\u03b9\u03b1 \u03c4\u03bf...<\/p><\/div><\/div><div class=\"wpr-grid-item-read-more elementor-repeater-item-4f00777 wpr-grid-item-display-block wpr-grid-item-align-left\"><div class=\"inner-block\"><a target=\"_self\" href=\"https:\/\/bcomp.disruptia.es\/el\/%cf%84%cf%81%ce%af%cf%84%ce%b7-%ce%b4%ce%b9%ce%b1%ce%ba%cf%81%ce%b1%cf%84%ce%b9%ce%ba%ce%ae-%cf%83%cf%85%ce%bd%ce%ac%ce%bd%cf%84%ce%b7%cf%83%ce%b7-%cf%84%cf%89%ce%bd-%ce%b5%cf%84%ce%b1%ce%af%cf%81\/\" class=\"wpr-button-effect wpr-button-none\"><span>\u0394\u03b9\u03b1\u03b2\u03ac\u03c3\u03c4\u03b5 \u03c0\u03b5\u03c1\u03b9\u03c3\u03c3\u03cc\u03c4\u03b5\u03c1\u03b1<\/span><\/a><\/div><\/div><\/div><\/div><\/article><article class=\"wpr-grid-item elementor-clearfix post-813 post type-post status-publish format-standard has-post-thumbnail hentry category-12\"><div class=\"wpr-grid-item-inner\"><div class=\"wpr-grid-media-wrap wpr-effect-size-medium \" data-overlay-link=\"yes\"><div class=\"wpr-grid-image-wrap\" data-src=\"https:\/\/bcomp.disruptia.es\/wp-content\/uploads\/2023\/04\/news_2.jpg\" data-img-on-hover=\"\"  data-src-secondary=\"\"><img decoding=\"async\" data-no-lazy=\"1\" src=\"https:\/\/bcomp.disruptia.es\/wp-content\/uploads\/2023\/04\/news_2.jpg\" alt=\"\u03a0\u03c1\u03ce\u03c4\u03bf \u03b5\u03bd\u03b7\u03bc\u03b5\u03c1\u03c9\u03c4\u03b9\u03ba\u03cc \u03b4\u03b5\u03bb\u03c4\u03af\u03bf \u03b3\u03b9\u03b1 \u03c4\u03bf \u03ad\u03c1\u03b3\u03bf B.COMP\" class=\"wpr-anim-timing-ease-default\"><\/div><div class=\"wpr-grid-media-hover wpr-animation-wrap\"><div class=\"wpr-grid-media-hover-bg  wpr-overlay-fade-in wpr-anim-size-large wpr-anim-timing-ease-default wpr-anim-transparency\" data-url=\"https:\/\/bcomp.disruptia.es\/el\/%cf%80%cf%81%cf%8e%cf%84%ce%bf-%ce%b5%ce%bd%ce%b7%ce%bc%ce%b5%cf%81%cf%89%cf%84%ce%b9%ce%ba%cf%8c-%ce%b4%ce%b5%ce%bb%cf%84%ce%af%ce%bf-%ce%b3%ce%b9%ce%b1-%cf%84%ce%bf-%ce%ad%cf%81%ce%b3%ce%bf-b-comp\/\"><\/div><\/div><\/div><div class=\"wpr-grid-item-below-content elementor-clearfix\"><h2 class=\"wpr-grid-item-title elementor-repeater-item-5491ed9 wpr-grid-item-display-block wpr-grid-item-align-left wpr-pointer-none wpr-pointer-line-fx wpr-pointer-fx-fade\"><div class=\"inner-block\"><a target=\"_self\"  href=\"https:\/\/bcomp.disruptia.es\/el\/%cf%80%cf%81%cf%8e%cf%84%ce%bf-%ce%b5%ce%bd%ce%b7%ce%bc%ce%b5%cf%81%cf%89%cf%84%ce%b9%ce%ba%cf%8c-%ce%b4%ce%b5%ce%bb%cf%84%ce%af%ce%bf-%ce%b3%ce%b9%ce%b1-%cf%84%ce%bf-%ce%ad%cf%81%ce%b3%ce%bf-b-comp\/\">\u03a0\u03c1\u03ce\u03c4\u03bf \u03b5\u03bd\u03b7\u03bc\u03b5\u03c1\u03c9\u03c4\u03b9\u03ba\u03cc \u03b4\u03b5\u03bb\u03c4\u03af\u03bf \u03b3\u03b9\u03b1 \u03c4\u03bf \u03ad\u03c1\u03b3\u03bf B.COMP<\/a><\/div><\/h2><div class=\"wpr-grid-item-date elementor-repeater-item-1fa5330 wpr-grid-item-display-inline wpr-grid-item-align-left\"><div class=\"inner-block\"><span>31\/05\/2023<span class=\"wpr-grid-extra-text-right\"><\/span><\/span><\/div><\/div><div class=\"wpr-grid-item-excerpt elementor-repeater-item-5964dfd wpr-grid-item-display-block wpr-grid-item-align-left\"><div class=\"inner-block\"><p>\u0391\u03bd \u03b8\u03ad\u03bb\u03b5\u03c4\u03b5 \u03bd\u03b1 \u03bc\u03ac\u03b8\u03b5\u03c4\u03b5 \u03c0\u03b5\u03c1\u03b9\u03c3\u03c3\u03cc\u03c4\u03b5\u03c1\u03b1 \u03b3\u03b9\u03b1 \u03c4\u03bf \u03ad\u03c1\u03b3\u03bf B.COMP, \u03c1\u03af\u03be\u03c4\u03b5 \u03bc\u03b9\u03b1 \u03bc\u03b1\u03c4\u03b9\u03ac \u03c3\u03c4\u03bf \u03c0\u03c1\u03ce\u03c4\u03bf \u03b5\u03bd\u03b7\u03bc\u03b5\u03c1\u03c9\u03c4\u03b9\u03ba\u03cc \u03bc\u03b1\u03c2 \u03b4\u03b5\u03bb\u03c4\u03af\u03bf. \u0398\u03b1 \u03b2\u03c1\u03b5\u03af\u03c4\u03b5 \u03c0\u03bb\u03b7\u03c1\u03bf\u03c6\u03bf\u03c1\u03af\u03b5\u03c2...<\/p><\/div><\/div><div class=\"wpr-grid-item-read-more elementor-repeater-item-4f00777 wpr-grid-item-display-block wpr-grid-item-align-left\"><div class=\"inner-block\"><a target=\"_self\" href=\"https:\/\/bcomp.disruptia.es\/el\/%cf%80%cf%81%cf%8e%cf%84%ce%bf-%ce%b5%ce%bd%ce%b7%ce%bc%ce%b5%cf%81%cf%89%cf%84%ce%b9%ce%ba%cf%8c-%ce%b4%ce%b5%ce%bb%cf%84%ce%af%ce%bf-%ce%b3%ce%b9%ce%b1-%cf%84%ce%bf-%ce%ad%cf%81%ce%b3%ce%bf-b-comp\/\" class=\"wpr-button-effect wpr-button-none\"><span>\u0394\u03b9\u03b1\u03b2\u03ac\u03c3\u03c4\u03b5 \u03c0\u03b5\u03c1\u03b9\u03c3\u03c3\u03cc\u03c4\u03b5\u03c1\u03b1<\/span><\/a><\/div><\/div><\/div><\/div><\/article><article class=\"wpr-grid-item elementor-clearfix post-821 post type-post status-publish format-standard has-post-thumbnail hentry category-12\"><div class=\"wpr-grid-item-inner\"><div class=\"wpr-grid-media-wrap wpr-effect-size-medium \" data-overlay-link=\"yes\"><div class=\"wpr-grid-image-wrap\" data-src=\"https:\/\/bcomp.disruptia.es\/wp-content\/uploads\/2023\/04\/news_1.jpg\" data-img-on-hover=\"\"  data-src-secondary=\"\"><img decoding=\"async\" data-no-lazy=\"1\" src=\"https:\/\/bcomp.disruptia.es\/wp-content\/uploads\/2023\/04\/news_1.jpg\" alt=\"\u0388\u03c1\u03b3\u03bf B.COMP\" class=\"wpr-anim-timing-ease-default\"><\/div><div class=\"wpr-grid-media-hover wpr-animation-wrap\"><div class=\"wpr-grid-media-hover-bg  wpr-overlay-fade-in wpr-anim-size-large wpr-anim-timing-ease-default wpr-anim-transparency\" data-url=\"https:\/\/bcomp.disruptia.es\/el\/%ce%ad%cf%81%ce%b3%ce%bf-b-comp\/\"><\/div><\/div><\/div><div class=\"wpr-grid-item-below-content elementor-clearfix\"><h2 class=\"wpr-grid-item-title elementor-repeater-item-5491ed9 wpr-grid-item-display-block wpr-grid-item-align-left wpr-pointer-none wpr-pointer-line-fx wpr-pointer-fx-fade\"><div class=\"inner-block\"><a target=\"_self\"  href=\"https:\/\/bcomp.disruptia.es\/el\/%ce%ad%cf%81%ce%b3%ce%bf-b-comp\/\">\u0388\u03c1\u03b3\u03bf B.COMP<\/a><\/div><\/h2><div class=\"wpr-grid-item-date elementor-repeater-item-1fa5330 wpr-grid-item-display-inline wpr-grid-item-align-left\"><div class=\"inner-block\"><span>01\/04\/2023<span class=\"wpr-grid-extra-text-right\"><\/span><\/span><\/div><\/div><div class=\"wpr-grid-item-excerpt elementor-repeater-item-5964dfd wpr-grid-item-display-block wpr-grid-item-align-left\"><div class=\"inner-block\"><p>B.COMP \u0394\u03b7\u03bc\u03b9\u03bf\u03c5\u03c1\u03b3\u03af\u03b1 \u03c0\u03b9\u03bf \u03c0\u03b5\u03c1\u03b9\u03b5\u03ba\u03c4\u03b9\u03ba\u03ce\u03bd \u03ba\u03b1\u03b9 \u03c5\u03c0\u03bf\u03c3\u03c4\u03b7\u03c1\u03b9\u03ba\u03c4\u03b9\u03ba\u03ce\u03bd \u03c0\u03b5\u03c1\u03b9\u03b2\u03b1\u03bb\u03bb\u03cc\u03bd\u03c4\u03c9\u03bd \u03bc\u03ac\u03b8\u03b7\u03c3\u03b7\u03c2 \u03bc\u03b5 \u03b2\u03ac\u03c3\u03b7 \u03c4\u03b7\u03bd \u03b5\u03c1\u03b3\u03b1\u03c3\u03af\u03b1 \u03b3\u03b9\u03b1 \u03bc\u03b1\u03b8\u03b7\u03c4\u03ad\u03c2 \u03bc\u03b5 \u03c7\u03b1\u03bc\u03b7\u03bb\u03ae \u03b5\u03be\u03b5\u03b9\u03b4\u03af\u03ba\u03b5\u03c5\u03c3\u03b7 \u03bc\u03ad\u03c3\u03c9 \u03c4\u03b7\u03c2 \u03ba\u03b1\u03c4\u03ac\u03c1\u03c4\u03b9\u03c3\u03b7\u03c2...<\/p><\/div><\/div><div class=\"wpr-grid-item-read-more elementor-repeater-item-4f00777 wpr-grid-item-display-block wpr-grid-item-align-left\"><div class=\"inner-block\"><a target=\"_self\" href=\"https:\/\/bcomp.disruptia.es\/el\/%ce%ad%cf%81%ce%b3%ce%bf-b-comp\/\" class=\"wpr-button-effect wpr-button-none\"><span>\u0394\u03b9\u03b1\u03b2\u03ac\u03c3\u03c4\u03b5 \u03c0\u03b5\u03c1\u03b9\u03c3\u03c3\u03cc\u03c4\u03b5\u03c1\u03b1<\/span><\/a><\/div><\/div><\/div><\/div><\/article><\/section>\t\t\t\t<\/div>\n\t\t\t\t<\/div>\n\t\t\t\t\t<\/div>\n\t\t<\/div>\n\t\t\t\t<div class=\"elementor-column elementor-col-33 elementor-top-column elementor-element elementor-element-a775f1b\" data-id=\"a775f1b\" data-element_type=\"column\" data-e-type=\"column\">\n\t\t\t<div class=\"elementor-widget-wrap elementor-element-populated\">\n\t\t\t\t\t\t<div class=\"elementor-element elementor-element-0e16c43 elementor-widget elementor-widget-heading\" data-id=\"0e16c43\" data-element_type=\"widget\" data-e-type=\"widget\" data-widget_type=\"heading.default\">\n\t\t\t\t<div class=\"elementor-widget-container\">\n\t\t\t\t\t<h2 class=\"elementor-heading-title elementor-size-default\">\u0391\u03ba\u03bf\u03bb\u03bf\u03c5\u03b8\u03ae\u03c3\u03c4\u03b5 \u03bc\u03b1\u03c2<\/h2>\t\t\t\t<\/div>\n\t\t\t\t<\/div>\n\t\t\t\t<div class=\"elementor-element elementor-element-fa45292 elementor-widget-divider--view-line elementor-widget elementor-widget-divider\" data-id=\"fa45292\" data-element_type=\"widget\" data-e-type=\"widget\" data-widget_type=\"divider.default\">\n\t\t\t\t<div class=\"elementor-widget-container\">\n\t\t\t\t\t\t\t<div class=\"elementor-divider\">\n\t\t\t<span class=\"elementor-divider-separator\">\n\t\t\t\t\t\t<\/span>\n\t\t<\/div>\n\t\t\t\t\t\t<\/div>\n\t\t\t\t<\/div>\n\t\t\t\t<div class=\"elementor-element elementor-element-998c37c e-grid-align-left elementor-shape-rounded elementor-grid-0 elementor-widget elementor-widget-social-icons\" data-id=\"998c37c\" data-element_type=\"widget\" data-e-type=\"widget\" data-widget_type=\"social-icons.default\">\n\t\t\t\t<div class=\"elementor-widget-container\">\n\t\t\t\t\t\t\t<div class=\"elementor-social-icons-wrapper elementor-grid\">\n\t\t\t\t\t\t\t<span class=\"elementor-grid-item\">\n\t\t\t\t\t<a class=\"elementor-icon elementor-social-icon elementor-social-icon-linkedin elementor-repeater-item-4d4e453\" href=\"https:\/\/www.linkedin.com\/company\/b-comp-euproject\/\" target=\"_blank\">\n\t\t\t\t\t\t<span class=\"elementor-screen-only\">Linkedin<\/span>\n\t\t\t\t\t\t<svg aria-hidden=\"true\" class=\"e-font-icon-svg e-fab-linkedin\" viewBox=\"0 0 448 512\" xmlns=\"http:\/\/www.w3.org\/2000\/svg\"><path d=\"M416 32H31.9C14.3 32 0 46.5 0 64.3v383.4C0 465.5 14.3 480 31.9 480H416c17.6 0 32-14.5 32-32.3V64.3c0-17.8-14.4-32.3-32-32.3zM135.4 416H69V202.2h66.5V416zm-33.2-243c-21.3 0-38.5-17.3-38.5-38.5S80.9 96 102.2 96c21.2 0 38.5 17.3 38.5 38.5 0 21.3-17.2 38.5-38.5 38.5zm282.1 243h-66.4V312c0-24.8-.5-56.7-34.5-56.7-34.6 0-39.9 27-39.9 54.9V416h-66.4V202.2h63.7v29.2h.9c8.9-16.8 30.6-34.5 62.9-34.5 67.2 0 79.7 44.3 79.7 101.9V416z\"><\/path><\/svg>\t\t\t\t\t<\/a>\n\t\t\t\t<\/span>\n\t\t\t\t\t<\/div>\n\t\t\t\t\t\t<\/div>\n\t\t\t\t<\/div>\n\t\t\t\t\t<\/div>\n\t\t<\/div>\n\t\t\t\t\t<\/div>\n\t\t<\/section>\n\t\t\t\t<\/div>\n\t\t","protected":false},"excerpt":{"rendered":"<p>\u039d\u0395\u0391 B.COMP All Posts Uncategorized @tr BCOMP 3. Ulus \u00d6tesi Proje Y\u00f6netim Toplant\u0131s\u0131 \u0130stanbul T\u00fcrkiye&#8217;de Ger\u00e7ekle\u015ftirildi 05\/10\/2023 5 Ekim 2023 tarihinde \u0130stanbul, T\u00fcrkiye&#8217;de ger\u00e7ekle\u015ftirilen 3. ulus\u00f6tesi B.COMP proje y\u00f6netim toplant\u0131m\u0131z \u00e7ok verimli ge\u00e7ti! Toplant\u0131ya ev sahipli\u011fi yapan&hellip; \u0394\u03b9\u03b1\u03b2\u03ac\u03c3\u03c4\u03b5 \u03c0\u03b5\u03c1\u03b9\u03c3\u03c3\u03cc\u03c4\u03b5\u03c1\u03b1 \u0130lk B.COMP proje b\u00fclteni 31\/05\/2023 B.COMP projesi hakk\u0131nda daha fazla bilgi edinmek istiyorsan\u0131z, ilk b\u00fcltenimize g\u00f6z at\u0131n. Bizimle ilgili bilgileri, projenin ama\u00e7lar\u0131n\u0131 ve \u00fczerinde \u00e7al\u0131\u015ft\u0131\u011f\u0131m\u0131z&hellip; \u0394\u03b9\u03b1\u03b2\u03ac\u03c3\u03c4\u03b5 \u03c0\u03b5\u03c1\u03b9\u03c3\u03c3\u03cc\u03c4\u03b5\u03c1\u03b1 B.COMP Projesi 01\/04\/2023 B.COMP D\u00f6n\u00fc\u015ft\u00fcr\u00fcc\u00fc \u00d6\u011frenme yoluyla i\u015fe haz\u0131r olma becerilerini e\u011fiterek d\u00fc\u015f\u00fck vas\u0131fl\u0131 \u00f6\u011frenciler i\u00e7in daha kapsay\u0131c\u0131 ve destekleyici i\u015f temelli \u00f6\u011frenme&hellip; \u0394\u03b9\u03b1\u03b2\u03ac\u03c3\u03c4\u03b5 \u03c0\u03b5\u03c1\u03b9\u03c3\u03c3\u03cc\u03c4\u03b5\u03c1\u03b1 \u0391\u03ba\u03bf\u03bb\u03bf\u03c5\u03b8\u03ae\u03c3\u03c4\u03b5 \u03bc\u03b1\u03c2 Linkedin<\/p>\n","protected":false},"author":1,"featured_media":0,"parent":0,"menu_order":0,"comment_status":"closed","ping_status":"closed","template":"elementor_header_footer","meta":{"footnotes":""},"class_list":["post-740","page","type-page","status-publish","hentry"],"_links":{"self":[{"href":"https:\/\/bcomp.disruptia.es\/el\/wp-json\/wp\/v2\/pages\/740","targetHints":{"allow":["GET"]}}],"collection":[{"href":"https:\/\/bcomp.disruptia.es\/el\/wp-json\/wp\/v2\/pages"}],"about":[{"href":"https:\/\/bcomp.disruptia.es\/el\/wp-json\/wp\/v2\/types\/page"}],"author":[{"embeddable":true,"href":"https:\/\/bcomp.disruptia.es\/el\/wp-json\/wp\/v2\/users\/1"}],"replies":[{"embeddable":true,"href":"https:\/\/bcomp.disruptia.es\/el\/wp-json\/wp\/v2\/comments?post=740"}],"version-history":[{"count":4,"href":"https:\/\/bcomp.disruptia.es\/el\/wp-json\/wp\/v2\/pages\/740\/revisions"}],"predecessor-version":[{"id":865,"href":"https:\/\/bcomp.disruptia.es\/el\/wp-json\/wp\/v2\/pages\/740\/revisions\/865"}],"wp:attachment":[{"href":"https:\/\/bcomp.disruptia.es\/el\/wp-json\/wp\/v2\/media?parent=740"}],"curies":[{"name":"wp","href":"https:\/\/api.w.org\/{rel}","templated":true}]}}